{"id":2,"date":"2025-08-06T11:09:23","date_gmt":"2025-08-06T11:09:23","guid":{"rendered":"https:\/\/froberg.eu\/?page_id=2"},"modified":"2025-09-09T12:01:59","modified_gmt":"2025-09-09T12:01:59","slug":"sample-page","status":"publish","type":"page","link":"https:\/\/froberg.eu\/","title":{"rendered":"\u00c4kta svensk honung \u2013 len, kr\u00e4mig och naturlig"},"content":{"rendered":"\n<p>Fr\u00e5n v\u00e5ra flitiga bin direkt till din burk. Varsamt framtagen f\u00f6r att bli s\u00e5 d\u00e4r ljuvligt kr\u00e4mig och god. Smaka skillnaden med Br\u00e4ttelyckans honung \ud83d\udc1d\ud83d\udc9b<\/p>\n\n\n\n<p><strong>Honung som smakar sommar<\/strong><br>Alltid svensk, alltid naturlig. Kr\u00e4mig, bredbar och full av den rena s\u00f6tma som bara v\u00e5ra bin kan skapa. Uppt\u00e4ck din nya favorit fr\u00e5n Br\u00e4ttelyckans honung.<\/p>\n","protected":false},"excerpt":{"rendered":"<p>Fr\u00e5n v\u00e5ra flitiga bin direkt till din burk. Varsamt framtagen f\u00f6r att bli s\u00e5 d\u00e4r ljuvligt kr\u00e4mig och god. Smaka skillnaden med Br\u00e4ttelyckans honung \ud83d\udc1d\ud83d\udc9b Honung som smakar sommarAlltid svensk, alltid naturlig. Kr\u00e4mig, bredbar och full av den rena s\u00f6tma som bara v\u00e5ra bin kan skapa. Uppt\u00e4ck din nya favorit fr\u00e5n Br\u00e4ttelyckans honung.<\/p>\n","protected":false},"author":1,"featured_media":0,"parent":0,"menu_order":0,"comment_status":"closed","ping_status":"open","template":"","meta":{"footnotes":""},"class_list":["post-2","page","type-page","status-publish","hentry"],"_links":{"self":[{"href":"https:\/\/froberg.eu\/index.php\/wp-json\/wp\/v2\/pages\/2","targetHints":{"allow":["GET"]}}],"collection":[{"href":"https:\/\/froberg.eu\/index.php\/wp-json\/wp\/v2\/pages"}],"about":[{"href":"https:\/\/froberg.eu\/index.php\/wp-json\/wp\/v2\/types\/page"}],"author":[{"embeddable":true,"href":"https:\/\/froberg.eu\/index.php\/wp-json\/wp\/v2\/users\/1"}],"replies":[{"embeddable":true,"href":"https:\/\/froberg.eu\/index.php\/wp-json\/wp\/v2\/comments?post=2"}],"version-history":[{"count":1,"href":"https:\/\/froberg.eu\/index.php\/wp-json\/wp\/v2\/pages\/2\/revisions"}],"predecessor-version":[{"id":12,"href":"https:\/\/froberg.eu\/index.php\/wp-json\/wp\/v2\/pages\/2\/revisions\/12"}],"wp:attachment":[{"href":"https:\/\/froberg.eu\/index.php\/wp-json\/wp\/v2\/media?parent=2"}],"curies":[{"name":"wp","href":"https:\/\/api.w.org\/{rel}","templated":true}]}}